{"id":2500,"date":"2025-04-02T16:22:35","date_gmt":"2025-04-02T14:22:35","guid":{"rendered":"https:\/\/nmsravelsbach.ac.at\/?page_id=2500"},"modified":"2025-04-02T16:22:35","modified_gmt":"2025-04-02T14:22:35","slug":"erreichbarkeit","status":"publish","type":"page","link":"https:\/\/nmsravelsbach.ac.at\/?page_id=2500","title":{"rendered":"Erreichbarkeit"},"content":{"rendered":"\n<p>Sie erreichen unsere Schule zu Fu\u00df, mit dem Rad, dem Scooter, den \u00f6ffentlichen Verkehrsmitteln und dem PKW.<\/p>\n\n\n\n<p>Bei Schulveranstaltungen nutzen wir, wenn m\u00f6glich, die \u00f6ffentlichen Verkehrsmittel bzw. werden Fahrgemeinschaften von den Eltern gebildet.<\/p>\n","protected":false},"excerpt":{"rendered":"<p>Sie erreichen unsere Schule zu Fu\u00df, mit dem Rad, dem Scooter, den \u00f6ffentlichen Verkehrsmitteln und dem PKW. Bei Schulveranstaltungen nutzen wir, wenn m\u00f6glich, die \u00f6ffentlichen Verkehrsmittel bzw. werden Fahrgemeinschaften von den Eltern gebildet.<\/p>\n","protected":false},"author":3,"featured_media":0,"parent":0,"menu_order":0,"comment_status":"closed","ping_status":"closed","template":"","meta":[],"_links":{"self":[{"href":"https:\/\/nmsravelsbach.ac.at\/index.php?rest_route=\/wp\/v2\/pages\/2500"}],"collection":[{"href":"https:\/\/nmsravelsbach.ac.at\/index.php?rest_route=\/wp\/v2\/pages"}],"about":[{"href":"https:\/\/nmsravelsbach.ac.at\/index.php?rest_route=\/wp\/v2\/types\/page"}],"author":[{"embeddable":true,"href":"https:\/\/nmsravelsbach.ac.at\/index.php?rest_route=\/wp\/v2\/users\/3"}],"replies":[{"embeddable":true,"href":"https:\/\/nmsravelsbach.ac.at\/index.php?rest_route=%2Fwp%2Fv2%2Fcomments&post=2500"}],"version-history":[{"count":1,"href":"https:\/\/nmsravelsbach.ac.at\/index.php?rest_route=\/wp\/v2\/pages\/2500\/revisions"}],"predecessor-version":[{"id":2501,"href":"https:\/\/nmsravelsbach.ac.at\/index.php?rest_route=\/wp\/v2\/pages\/2500\/revisions\/2501"}],"wp:attachment":[{"href":"https:\/\/nmsravelsbach.ac.at\/index.php?rest_route=%2Fwp%2Fv2%2Fmedia&parent=2500"}],"curies":[{"name":"wp","href":"https:\/\/api.w.org\/{rel}","templated":true}]}}