{"id":185,"date":"2018-10-10T12:45:34","date_gmt":"2018-10-10T12:45:34","guid":{"rendered":"http:\/\/nmsravelsbach.ac.at\/?page_id=185"},"modified":"2025-12-17T11:06:29","modified_gmt":"2025-12-17T10:06:29","slug":"willkommen","status":"publish","type":"page","link":"https:\/\/nmsravelsbach.ac.at\/","title":{"rendered":"Willkommen auf unserer Schulhomepage!"},"content":{"rendered":"<p><strong>Bildung, Bewegung und gesunde Ern\u00e4hrung unter einem Dach.<\/strong><\/p>\r\n<p>An unserer Schule steht der Mensch im Mittelpunkt &#8211; mit all seinen St\u00e4rken, Interessen und Talenten. Der Schwerpunkt <strong>&#8222;Gesund-Aktiv&#8220;<\/strong> zieht sich durch den Schulalltag: Wir f\u00f6rdern nicht nur fachliche Kompetenzen, sondern auch Bewegung, gesunde Ern\u00e4hrung und ein positives, umweltbewusstes Lernklima.<\/p>\r\n<p>Ein besonderes Highlight ist unsere <strong>frisch gekochte Mittagsverpflegung<\/strong>, die unseren Sch\u00fclerinnen uns Sch\u00fclern Energie und Wohlbefinden f\u00fcr den Nachmittag gibt.<\/p>\r\n<p><strong>Neu im Schuljahr 2025\/26:<\/strong><br \/>Mit spannenden, <strong>unverbindlichen \u00dcbungen<\/strong> unter dem Motto &#8222;Body und Brain&#8220; bieten wir zus\u00e4tzliche M\u00f6glichkeiten zur pers\u00f6nlichen Entfaltung &#8211; semesterweise buchbar und auf Wunsch kombinierbar:<\/p>\r\n<ul>\r\n<li><strong>Franz\u00f6sisch f\u00fcr Einsteiger<\/strong><\/li>\r\n<li><strong>Tanzen<\/strong><\/li>\r\n<li><strong>Robotik<\/strong><\/li>\r\n<li><strong>Ballsport<\/strong><\/li>\r\n<\/ul>\r\n<p>Unsere Angebote verbinden Lernen mit Lebensfreude &#8211; f\u00fcr einen gesunden, aktiven und erfolgreichen Schulalltag.<\/p>\r\n<p><span style=\"font-size: 18pt;\">\u00a0<a href=\"https:\/\/www.umweltzeichen.at\/de\/ueber-uns\/start\"><img loading=\"lazy\" class=\"alignnone wp-image-1699\" src=\"http:\/\/nmsravelsbach.ac.at\/wp-content\/uploads\/umweltzeichenlogo.jpg\" alt=\"\" width=\"288\" height=\"167\" srcset=\"https:\/\/nmsravelsbach.ac.at\/wp-content\/uploads\/umweltzeichenlogo.jpg 842w, https:\/\/nmsravelsbach.ac.at\/wp-content\/uploads\/umweltzeichenlogo-300x174.jpg 300w, https:\/\/nmsravelsbach.ac.at\/wp-content\/uploads\/umweltzeichenlogo-768x446.jpg 768w\" sizes=\"(max-width: 288px) 100vw, 288px\" \/><\/a><\/span><\/p>\r\n<p>Seit dem Schuljahr 2020\/21 arbeiten wir mit gro\u00dfer Freude an und in unserem neuen Schwerpunkt &#8222;<strong>Gesund-Aktiv<\/strong>&#8222;. Dabei wird in allen Klassen, mit allen Sch\u00fclerinnen und Sch\u00fclern und unter Einbindung aller LehrerInnen auf das Prinzip der Nachhaltigkeit eingegangen (siehe &#8222;Leitbild&#8220;). Dazu haben wir unsere Stundentafel entscheidend ver\u00e4ndert.<\/p>\r\n<p>Aufgrund unseres Tuns sind wir neuerdings auch Teil der Netzwerke<br \/><strong>UMWELT-WISSEN-SCHULE<\/strong> und Klimab\u00fcndnisschule und arbeiten an der Erhaltung des komplexesten Umweltzeichens in \u00d6sterreich, das es f\u00fcr Organisationen zu vergeben gibt:<br \/><strong>dem \u00d6sterreichischen Umweltzeichen<\/strong>.<\/p>\r\n<h3><span style=\"color: #0000ff;\">Wir sind zertifiziert:<br \/><\/span><\/h3>\r\n<p><img loading=\"lazy\" class=\"size-medium wp-image-526 alignleft\" src=\"http:\/\/nmsravelsbach.ac.at\/wp-content\/uploads\/2018\/10\/BO-G\u00fctesiegel_781x380-e1540842713512-300x268.jpg\" alt=\"\" width=\"300\" height=\"268\" srcset=\"https:\/\/nmsravelsbach.ac.at\/wp-content\/uploads\/2018\/10\/BO-G\u00fctesiegel_781x380-e1540842713512-300x268.jpg 300w, https:\/\/nmsravelsbach.ac.at\/wp-content\/uploads\/2018\/10\/BO-G\u00fctesiegel_781x380-e1540842713512.jpg 425w\" sizes=\"(max-width: 300px) 100vw, 300px\" \/>\u00a0\u00a0\u00a0 &#8230; f\u00fcr unseren BO-Unterricht<\/p>\r\n<p><img loading=\"lazy\" class=\"wp-image-1286 alignleft\" src=\"http:\/\/nmsravelsbach.ac.at\/wp-content\/uploads\/Umwelt.Wissen.Schule_Logo_RGB-1024x473.jpg\" alt=\"\" width=\"332\" height=\"153\" srcset=\"https:\/\/nmsravelsbach.ac.at\/wp-content\/uploads\/Umwelt.Wissen.Schule_Logo_RGB-1024x473.jpg 1024w, https:\/\/nmsravelsbach.ac.at\/wp-content\/uploads\/Umwelt.Wissen.Schule_Logo_RGB-300x138.jpg 300w, https:\/\/nmsravelsbach.ac.at\/wp-content\/uploads\/Umwelt.Wissen.Schule_Logo_RGB-768x354.jpg 768w, https:\/\/nmsravelsbach.ac.at\/wp-content\/uploads\/Umwelt.Wissen.Schule_Logo_RGB.jpg 1300w\" sizes=\"(max-width: 332px) 100vw, 332px\" \/>&#8230; als eine Umwelt Wissen Schule<\/p>\r\n<p><img loading=\"lazy\" class=\"alignnone size-large wp-image-1696\" src=\"http:\/\/nmsravelsbach.ac.at\/wp-content\/uploads\/okolog-logo-ohne-streifen-1024x257.png\" alt=\"\" width=\"1024\" height=\"257\" srcset=\"https:\/\/nmsravelsbach.ac.at\/wp-content\/uploads\/okolog-logo-ohne-streifen-1024x257.png 1024w, https:\/\/nmsravelsbach.ac.at\/wp-content\/uploads\/okolog-logo-ohne-streifen-300x75.png 300w, https:\/\/nmsravelsbach.ac.at\/wp-content\/uploads\/okolog-logo-ohne-streifen-768x193.png 768w, https:\/\/nmsravelsbach.ac.at\/wp-content\/uploads\/okolog-logo-ohne-streifen-1536x385.png 1536w, https:\/\/nmsravelsbach.ac.at\/wp-content\/uploads\/okolog-logo-ohne-streifen.png 1846w\" sizes=\"(max-width: 1024px) 100vw, 1024px\" \/><\/p>\r\n<p><img loading=\"lazy\" class=\"alignnone size-full wp-image-2686\" src=\"http:\/\/nmsravelsbach.ac.at\/wp-content\/uploads\/KB_Mitgliedersignet.png\" alt=\"\" width=\"807\" height=\"678\" srcset=\"https:\/\/nmsravelsbach.ac.at\/wp-content\/uploads\/KB_Mitgliedersignet.png 807w, https:\/\/nmsravelsbach.ac.at\/wp-content\/uploads\/KB_Mitgliedersignet-300x252.png 300w, https:\/\/nmsravelsbach.ac.at\/wp-content\/uploads\/KB_Mitgliedersignet-768x645.png 768w\" sizes=\"(max-width: 807px) 100vw, 807px\" \/><\/p>\r\n<p><img loading=\"lazy\" class=\"alignnone  wp-image-2587\" src=\"http:\/\/nmsravelsbach.ac.at\/wp-content\/uploads\/Plakette_Erste_Hilfe_Fit_2024_2025.jpg\" alt=\"\" width=\"514\" height=\"521\" srcset=\"https:\/\/nmsravelsbach.ac.at\/wp-content\/uploads\/Plakette_Erste_Hilfe_Fit_2024_2025.jpg 875w, https:\/\/nmsravelsbach.ac.at\/wp-content\/uploads\/Plakette_Erste_Hilfe_Fit_2024_2025-296x300.jpg 296w, https:\/\/nmsravelsbach.ac.at\/wp-content\/uploads\/Plakette_Erste_Hilfe_Fit_2024_2025-768x778.jpg 768w, https:\/\/nmsravelsbach.ac.at\/wp-content\/uploads\/Plakette_Erste_Hilfe_Fit_2024_2025-75x75.jpg 75w\" sizes=\"(max-width: 514px) 100vw, 514px\" \/><\/p>\r\n<p style=\"text-align: left;\"><img loading=\"lazy\" class=\"size-full wp-image-482 alignleft\" src=\"http:\/\/nmsravelsbach.ac.at\/wp-content\/uploads\/2018\/10\/pilgrim-logo.jpg\" alt=\"\" width=\"274\" height=\"216\" \/>\u00a0 \u00a0 \u00a0 \u00a0\u00a0 &#8230; als eine Pilgrim-Schule<\/p>\r\n<h5>\u00a0<\/h5>\r\n<p><img loading=\"lazy\" class=\"alignnone size-full wp-image-1630\" src=\"http:\/\/nmsravelsbach.ac.at\/wp-content\/uploads\/tut-gut-logo.jpg\" alt=\"\" width=\"225\" height=\"225\" srcset=\"https:\/\/nmsravelsbach.ac.at\/wp-content\/uploads\/tut-gut-logo.jpg 225w, https:\/\/nmsravelsbach.ac.at\/wp-content\/uploads\/tut-gut-logo-150x150.jpg 150w, https:\/\/nmsravelsbach.ac.at\/wp-content\/uploads\/tut-gut-logo-75x75.jpg 75w\" sizes=\"(max-width: 225px) 100vw, 225px\" \/><\/p>\r\n\r\n<p>&nbsp;<\/p>\r\n","protected":false},"excerpt":{"rendered":"<p>Bildung, Bewegung und gesunde Ern\u00e4hrung unter einem Dach. An unserer Schule steht der Mensch im Mittelpunkt &#8211; mit all seinen St\u00e4rken, Interessen und Talenten. Der Schwerpunkt &#8222;Gesund-Aktiv&#8220; zieht sich durch den Schulalltag: Wir f\u00f6rdern nicht nur fachliche Kompetenzen, sondern auch Bewegung, gesunde Ern\u00e4hrung und ein positives, umweltbewusstes Lernklima. Ein besonderes<\/p>\n","protected":false},"author":3,"featured_media":0,"parent":0,"menu_order":0,"comment_status":"closed","ping_status":"closed","template":"","meta":[],"_links":{"self":[{"href":"https:\/\/nmsravelsbach.ac.at\/index.php?rest_route=\/wp\/v2\/pages\/185"}],"collection":[{"href":"https:\/\/nmsravelsbach.ac.at\/index.php?rest_route=\/wp\/v2\/pages"}],"about":[{"href":"https:\/\/nmsravelsbach.ac.at\/index.php?rest_route=\/wp\/v2\/types\/page"}],"author":[{"embeddable":true,"href":"https:\/\/nmsravelsbach.ac.at\/index.php?rest_route=\/wp\/v2\/users\/3"}],"replies":[{"embeddable":true,"href":"https:\/\/nmsravelsbach.ac.at\/index.php?rest_route=%2Fwp%2Fv2%2Fcomments&post=185"}],"version-history":[{"count":94,"href":"https:\/\/nmsravelsbach.ac.at\/index.php?rest_route=\/wp\/v2\/pages\/185\/revisions"}],"predecessor-version":[{"id":2687,"href":"https:\/\/nmsravelsbach.ac.at\/index.php?rest_route=\/wp\/v2\/pages\/185\/revisions\/2687"}],"wp:attachment":[{"href":"https:\/\/nmsravelsbach.ac.at\/index.php?rest_route=%2Fwp%2Fv2%2Fmedia&parent=185"}],"curies":[{"name":"wp","href":"https:\/\/api.w.org\/{rel}","templated":true}]}}