{"id":1638,"date":"2021-10-06T13:39:34","date_gmt":"2021-10-06T11:39:34","guid":{"rendered":"https:\/\/nmsravelsbach.ac.at\/?page_id=1638"},"modified":"2023-03-28T10:53:40","modified_gmt":"2023-03-28T08:53:40","slug":"oesterreichisches-umweltzeichen","status":"publish","type":"page","link":"https:\/\/nmsravelsbach.ac.at\/?page_id=1638","title":{"rendered":"\u00d6sterr. Umweltzeichen \/ UMWELT.WISSEN"},"content":{"rendered":"<p><strong>Ausgezeichnet Lernen<img loading=\"lazy\" class=\"size-full wp-image-1653 alignright\" src=\"http:\/\/nmsravelsbach.ac.at\/wp-content\/uploads\/OeUmweltz-1.png\" alt=\"\" width=\"189\" height=\"191\" srcset=\"https:\/\/nmsravelsbach.ac.at\/wp-content\/uploads\/OeUmweltz-1.png 189w, https:\/\/nmsravelsbach.ac.at\/wp-content\/uploads\/OeUmweltz-1-75x75.png 75w\" sizes=\"(max-width: 189px) 100vw, 189px\" \/><\/strong><\/p>\n<p>Das \u00d6sterreichische Umweltzeichen zertifiziert Schulen<br \/>\nund P\u00e4dagogische Hochschulen, denen Bildungsqualit\u00e4t<br \/>\nbesonders am Herzen liegt. Diese Schulen legen Wert<br \/>\nauf hohes Umweltengagement und eine nachhaltige<br \/>\nund soziale\u00a0Schulentwicklung. Biologische, regionale<br \/>\nErn\u00e4hrung und Gesundheitsf\u00f6rderung sind weitere<br \/>\nwichtige Kernthemen der Umweltzeichen-Schulen.<\/p>\n<p><img loading=\"lazy\" class=\"size-full wp-image-1652 alignleft\" src=\"http:\/\/nmsravelsbach.ac.at\/wp-content\/uploads\/Bundesministerium.png\" alt=\"\" width=\"212\" height=\"94\" \/><\/p>\n<p><a href=\"https:\/\/www.umweltzeichen.at\/de\/bildung\/schulen\">Link zum \u00d6sterreichischen Umweltzeichen<\/a><img loading=\"lazy\" class=\"alignnone size-large wp-image-1286\" src=\"http:\/\/nmsravelsbach.ac.at\/wp-content\/uploads\/Umwelt.Wissen.Schule_Logo_RGB-1024x473.jpg\" alt=\"\" width=\"1024\" height=\"473\" srcset=\"https:\/\/nmsravelsbach.ac.at\/wp-content\/uploads\/Umwelt.Wissen.Schule_Logo_RGB-1024x473.jpg 1024w, https:\/\/nmsravelsbach.ac.at\/wp-content\/uploads\/Umwelt.Wissen.Schule_Logo_RGB-300x138.jpg 300w, https:\/\/nmsravelsbach.ac.at\/wp-content\/uploads\/Umwelt.Wissen.Schule_Logo_RGB-768x354.jpg 768w, https:\/\/nmsravelsbach.ac.at\/wp-content\/uploads\/Umwelt.Wissen.Schule_Logo_RGB.jpg 1300w\" sizes=\"(max-width: 1024px) 100vw, 1024px\" \/><\/p>\n<p>&nbsp;<\/p>\n<p>&nbsp;<\/p>\n","protected":false},"excerpt":{"rendered":"<p>Ausgezeichnet Lernen Das \u00d6sterreichische Umweltzeichen zertifiziert Schulen und P\u00e4dagogische Hochschulen, denen Bildungsqualit\u00e4t besonders am Herzen liegt. Diese Schulen legen Wert auf hohes Umweltengagement und eine nachhaltige und soziale\u00a0Schulentwicklung. Biologische, regionale Ern\u00e4hrung und Gesundheitsf\u00f6rderung sind weitere wichtige Kernthemen der Umweltzeichen-Schulen. Link zum \u00d6sterreichischen Umweltzeichen &nbsp; &nbsp;<\/p>\n","protected":false},"author":3,"featured_media":0,"parent":0,"menu_order":0,"comment_status":"closed","ping_status":"closed","template":"","meta":[],"_links":{"self":[{"href":"https:\/\/nmsravelsbach.ac.at\/index.php?rest_route=\/wp\/v2\/pages\/1638"}],"collection":[{"href":"https:\/\/nmsravelsbach.ac.at\/index.php?rest_route=\/wp\/v2\/pages"}],"about":[{"href":"https:\/\/nmsravelsbach.ac.at\/index.php?rest_route=\/wp\/v2\/types\/page"}],"author":[{"embeddable":true,"href":"https:\/\/nmsravelsbach.ac.at\/index.php?rest_route=\/wp\/v2\/users\/3"}],"replies":[{"embeddable":true,"href":"https:\/\/nmsravelsbach.ac.at\/index.php?rest_route=%2Fwp%2Fv2%2Fcomments&post=1638"}],"version-history":[{"count":21,"href":"https:\/\/nmsravelsbach.ac.at\/index.php?rest_route=\/wp\/v2\/pages\/1638\/revisions"}],"predecessor-version":[{"id":1961,"href":"https:\/\/nmsravelsbach.ac.at\/index.php?rest_route=\/wp\/v2\/pages\/1638\/revisions\/1961"}],"wp:attachment":[{"href":"https:\/\/nmsravelsbach.ac.at\/index.php?rest_route=%2Fwp%2Fv2%2Fmedia&parent=1638"}],"curies":[{"name":"wp","href":"https:\/\/api.w.org\/{rel}","templated":true}]}}